{"id":76,"date":"2024-11-03T22:28:52","date_gmt":"2024-11-03T21:28:52","guid":{"rendered":"https:\/\/mcif.fr\/?page_id=76"},"modified":"2026-02-16T15:56:26","modified_gmt":"2026-02-16T14:56:26","slug":"ebp","status":"publish","type":"page","link":"https:\/\/mcif.fr\/?page_id=76","title":{"rendered":"EBP"},"content":{"rendered":"\t\t<div data-elementor-type=\"wp-page\" data-elementor-id=\"76\" class=\"elementor elementor-76\">\n\t\t\t\t<div class=\"elementor-element elementor-element-ec6982a e-flex e-con-boxed e-con e-parent\" data-id=\"ec6982a\" data-element_type=\"container\" data-e-type=\"container\">\n\t\t\t\t\t<div class=\"e-con-inner\">\n\t\t\t\t<div class=\"elementor-element elementor-element-66e0716 hfe-nav-menu__align-left hfe-submenu-icon-arrow hfe-submenu-animation-none hfe-link-redirect-child hfe-nav-menu__breakpoint-tablet elementor-widget elementor-widget-navigation-menu\" data-id=\"66e0716\" data-element_type=\"widget\" data-e-type=\"widget\" data-settings=\"{&quot;padding_horizontal_menu_item&quot;:{&quot;unit&quot;:&quot;px&quot;,&quot;size&quot;:15,&quot;sizes&quot;:[]},&quot;padding_horizontal_menu_item_tablet&quot;:{&quot;unit&quot;:&quot;px&quot;,&quot;size&quot;:&quot;&quot;,&quot;sizes&quot;:[]},&quot;padding_horizontal_menu_item_mobile&quot;:{&quot;unit&quot;:&quot;px&quot;,&quot;size&quot;:&quot;&quot;,&quot;sizes&quot;:[]},&quot;padding_vertical_menu_item&quot;:{&quot;unit&quot;:&quot;px&quot;,&quot;size&quot;:15,&quot;sizes&quot;:[]},&quot;padding_vertical_menu_item_tablet&quot;:{&quot;unit&quot;:&quot;px&quot;,&quot;size&quot;:&quot;&quot;,&quot;sizes&quot;:[]},&quot;padding_vertical_menu_item_mobile&quot;:{&quot;unit&quot;:&quot;px&quot;,&quot;size&quot;:&quot;&quot;,&quot;sizes&quot;:[]},&quot;menu_space_between&quot;:{&quot;unit&quot;:&quot;px&quot;,&quot;size&quot;:&quot;&quot;,&quot;sizes&quot;:[]},&quot;menu_space_between_tablet&quot;:{&quot;unit&quot;:&quot;px&quot;,&quot;size&quot;:&quot;&quot;,&quot;sizes&quot;:[]},&quot;menu_space_between_mobile&quot;:{&quot;unit&quot;:&quot;px&quot;,&quot;size&quot;:&quot;&quot;,&quot;sizes&quot;:[]},&quot;menu_row_space&quot;:{&quot;unit&quot;:&quot;px&quot;,&quot;size&quot;:&quot;&quot;,&quot;sizes&quot;:[]},&quot;menu_row_space_tablet&quot;:{&quot;unit&quot;:&quot;px&quot;,&quot;size&quot;:&quot;&quot;,&quot;sizes&quot;:[]},&quot;menu_row_space_mobile&quot;:{&quot;unit&quot;:&quot;px&quot;,&quot;size&quot;:&quot;&quot;,&quot;sizes&quot;:[]},&quot;dropdown_border_radius&quot;:{&quot;unit&quot;:&quot;px&quot;,&quot;top&quot;:&quot;&quot;,&quot;right&quot;:&quot;&quot;,&quot;bottom&quot;:&quot;&quot;,&quot;left&quot;:&quot;&quot;,&quot;isLinked&quot;:true},&quot;dropdown_border_radius_tablet&quot;:{&quot;unit&quot;:&quot;px&quot;,&quot;top&quot;:&quot;&quot;,&quot;right&quot;:&quot;&quot;,&quot;bottom&quot;:&quot;&quot;,&quot;left&quot;:&quot;&quot;,&quot;isLinked&quot;:true},&quot;dropdown_border_radius_mobile&quot;:{&quot;unit&quot;:&quot;px&quot;,&quot;top&quot;:&quot;&quot;,&quot;right&quot;:&quot;&quot;,&quot;bottom&quot;:&quot;&quot;,&quot;left&quot;:&quot;&quot;,&quot;isLinked&quot;:true},&quot;width_dropdown_item&quot;:{&quot;unit&quot;:&quot;px&quot;,&quot;size&quot;:&quot;220&quot;,&quot;sizes&quot;:[]},&quot;width_dropdown_item_tablet&quot;:{&quot;unit&quot;:&quot;px&quot;,&quot;size&quot;:&quot;&quot;,&quot;sizes&quot;:[]},&quot;width_dropdown_item_mobile&quot;:{&quot;unit&quot;:&quot;px&quot;,&quot;size&quot;:&quot;&quot;,&quot;sizes&quot;:[]},&quot;padding_horizontal_dropdown_item&quot;:{&quot;unit&quot;:&quot;px&quot;,&quot;size&quot;:&quot;&quot;,&quot;sizes&quot;:[]},&quot;padding_horizontal_dropdown_item_tablet&quot;:{&quot;unit&quot;:&quot;px&quot;,&quot;size&quot;:&quot;&quot;,&quot;sizes&quot;:[]},&quot;padding_horizontal_dropdown_item_mobile&quot;:{&quot;unit&quot;:&quot;px&quot;,&quot;size&quot;:&quot;&quot;,&quot;sizes&quot;:[]},&quot;padding_vertical_dropdown_item&quot;:{&quot;unit&quot;:&quot;px&quot;,&quot;size&quot;:15,&quot;sizes&quot;:[]},&quot;padding_vertical_dropdown_item_tablet&quot;:{&quot;unit&quot;:&quot;px&quot;,&quot;size&quot;:&quot;&quot;,&quot;sizes&quot;:[]},&quot;padding_vertical_dropdown_item_mobile&quot;:{&quot;unit&quot;:&quot;px&quot;,&quot;size&quot;:&quot;&quot;,&quot;sizes&quot;:[]},&quot;distance_from_menu&quot;:{&quot;unit&quot;:&quot;px&quot;,&quot;size&quot;:&quot;&quot;,&quot;sizes&quot;:[]},&quot;distance_from_menu_tablet&quot;:{&quot;unit&quot;:&quot;px&quot;,&quot;size&quot;:&quot;&quot;,&quot;sizes&quot;:[]},&quot;distance_from_menu_mobile&quot;:{&quot;unit&quot;:&quot;px&quot;,&quot;size&quot;:&quot;&quot;,&quot;sizes&quot;:[]},&quot;toggle_size&quot;:{&quot;unit&quot;:&quot;px&quot;,&quot;size&quot;:&quot;&quot;,&quot;sizes&quot;:[]},&quot;toggle_size_tablet&quot;:{&quot;unit&quot;:&quot;px&quot;,&quot;size&quot;:&quot;&quot;,&quot;sizes&quot;:[]},&quot;toggle_size_mobile&quot;:{&quot;unit&quot;:&quot;px&quot;,&quot;size&quot;:&quot;&quot;,&quot;sizes&quot;:[]},&quot;toggle_border_width&quot;:{&quot;unit&quot;:&quot;px&quot;,&quot;size&quot;:&quot;&quot;,&quot;sizes&quot;:[]},&quot;toggle_border_width_tablet&quot;:{&quot;unit&quot;:&quot;px&quot;,&quot;size&quot;:&quot;&quot;,&quot;sizes&quot;:[]},&quot;toggle_border_width_mobile&quot;:{&quot;unit&quot;:&quot;px&quot;,&quot;size&quot;:&quot;&quot;,&quot;sizes&quot;:[]},&quot;toggle_border_radius&quot;:{&quot;unit&quot;:&quot;px&quot;,&quot;size&quot;:&quot;&quot;,&quot;sizes&quot;:[]},&quot;toggle_border_radius_tablet&quot;:{&quot;unit&quot;:&quot;px&quot;,&quot;size&quot;:&quot;&quot;,&quot;sizes&quot;:[]},&quot;toggle_border_radius_mobile&quot;:{&quot;unit&quot;:&quot;px&quot;,&quot;size&quot;:&quot;&quot;,&quot;sizes&quot;:[]}}\" data-widget_type=\"navigation-menu.default\">\n\t\t\t\t<div class=\"elementor-widget-container\">\n\t\t\t\t\t\t\t\t<div class=\"hfe-nav-menu hfe-layout-horizontal hfe-nav-menu-layout horizontal hfe-pointer__none\" data-layout=\"horizontal\">\n\t\t\t\t<div role=\"button\" class=\"hfe-nav-menu__toggle elementor-clickable\" tabindex=\"0\" aria-label=\"Menu Toggle\">\n\t\t\t\t\t<span class=\"screen-reader-text\">Menu<\/span>\n\t\t\t\t\t<div class=\"hfe-nav-menu-icon\">\n\t\t\t\t\t\t<svg aria-hidden=\"true\"  class=\"e-font-icon-svg e-fas-align-justify\" viewBox=\"0 0 448 512\" xmlns=\"http:\/\/www.w3.org\/2000\/svg\"><path d=\"M432 416H16a16 16 0 0 0-16 16v32a16 16 0 0 0 16 16h416a16 16 0 0 0 16-16v-32a16 16 0 0 0-16-16zm0-128H16a16 16 0 0 0-16 16v32a16 16 0 0 0 16 16h416a16 16 0 0 0 16-16v-32a16 16 0 0 0-16-16zm0-128H16a16 16 0 0 0-16 16v32a16 16 0 0 0 16 16h416a16 16 0 0 0 16-16v-32a16 16 0 0 0-16-16zm0-128H16A16 16 0 0 0 0 48v32a16 16 0 0 0 16 16h416a16 16 0 0 0 16-16V48a16 16 0 0 0-16-16z\"><\/path><\/svg>\t\t\t\t\t<\/div>\n\t\t\t\t<\/div>\n\t\t\t\t<nav class=\"hfe-nav-menu__layout-horizontal hfe-nav-menu__submenu-arrow\" data-toggle-icon=\"&lt;svg aria-hidden=&quot;true&quot; tabindex=&quot;0&quot; class=&quot;e-font-icon-svg e-fas-align-justify&quot; viewBox=&quot;0 0 448 512&quot; xmlns=&quot;http:\/\/www.w3.org\/2000\/svg&quot;&gt;&lt;path d=&quot;M432 416H16a16 16 0 0 0-16 16v32a16 16 0 0 0 16 16h416a16 16 0 0 0 16-16v-32a16 16 0 0 0-16-16zm0-128H16a16 16 0 0 0-16 16v32a16 16 0 0 0 16 16h416a16 16 0 0 0 16-16v-32a16 16 0 0 0-16-16zm0-128H16a16 16 0 0 0-16 16v32a16 16 0 0 0 16 16h416a16 16 0 0 0 16-16v-32a16 16 0 0 0-16-16zm0-128H16A16 16 0 0 0 0 48v32a16 16 0 0 0 16 16h416a16 16 0 0 0 16-16V48a16 16 0 0 0-16-16z&quot;&gt;&lt;\/path&gt;&lt;\/svg&gt;\" data-close-icon=\"&lt;svg aria-hidden=&quot;true&quot; tabindex=&quot;0&quot; class=&quot;e-font-icon-svg e-far-window-close&quot; viewBox=&quot;0 0 512 512&quot; xmlns=&quot;http:\/\/www.w3.org\/2000\/svg&quot;&gt;&lt;path d=&quot;M464 32H48C21.5 32 0 53.5 0 80v352c0 26.5 21.5 48 48 48h416c26.5 0 48-21.5 48-48V80c0-26.5-21.5-48-48-48zm0 394c0 3.3-2.7 6-6 6H54c-3.3 0-6-2.7-6-6V86c0-3.3 2.7-6 6-6h404c3.3 0 6 2.7 6 6v340zM356.5 194.6L295.1 256l61.4 61.4c4.6 4.6 4.6 12.1 0 16.8l-22.3 22.3c-4.6 4.6-12.1 4.6-16.8 0L256 295.1l-61.4 61.4c-4.6 4.6-12.1 4.6-16.8 0l-22.3-22.3c-4.6-4.6-4.6-12.1 0-16.8l61.4-61.4-61.4-61.4c-4.6-4.6-4.6-12.1 0-16.8l22.3-22.3c4.6-4.6 12.1-4.6 16.8 0l61.4 61.4 61.4-61.4c4.6-4.6 12.1-4.6 16.8 0l22.3 22.3c4.7 4.6 4.7 12.1 0 16.8z&quot;&gt;&lt;\/path&gt;&lt;\/svg&gt;\" data-full-width=\"yes\">\n\t\t\t\t\t<ul id=\"menu-1-66e0716\" class=\"hfe-nav-menu\"><li id=\"menu-item-203\" class=\"menu-item menu-item-type-post_type menu-item-object-page menu-item-home parent hfe-creative-menu\"><a href=\"https:\/\/mcif.fr\/\" class = \"hfe-menu-item\">Accueil<\/a><\/li>\n<li id=\"menu-item-202\" class=\"menu-item menu-item-type-post_type menu-item-object-page parent hfe-creative-menu\"><a href=\"https:\/\/mcif.fr\/?page_id=67\" class = \"hfe-menu-item\">Konvergo<\/a><\/li>\n<li id=\"menu-item-201\" class=\"menu-item menu-item-type-post_type menu-item-object-page parent hfe-creative-menu\"><a href=\"https:\/\/mcif.fr\/?page_id=76\" class = \"hfe-menu-item\">EBP<\/a><\/li>\n<li id=\"menu-item-200\" class=\"menu-item menu-item-type-post_type menu-item-object-page parent hfe-creative-menu\"><a href=\"https:\/\/mcif.fr\/?page_id=84\" class = \"hfe-menu-item\">Cybers\u00e9curit\u00e9<\/a><\/li>\n<li id=\"menu-item-199\" class=\"menu-item menu-item-type-post_type menu-item-object-page parent hfe-creative-menu\"><a href=\"https:\/\/mcif.fr\/?page_id=109\" class = \"hfe-menu-item\">Maintenances<\/a><\/li>\n<li id=\"menu-item-198\" class=\"menu-item menu-item-type-post_type menu-item-object-page parent hfe-creative-menu\"><a href=\"https:\/\/mcif.fr\/?page_id=111\" class = \"hfe-menu-item\">Conseils<\/a><\/li>\n<li id=\"menu-item-197\" class=\"menu-item menu-item-type-post_type menu-item-object-page parent hfe-creative-menu\"><a href=\"https:\/\/mcif.fr\/?page_id=113\" class = \"hfe-menu-item\">Installations<\/a><\/li>\n<li id=\"menu-item-196\" class=\"menu-item menu-item-type-post_type menu-item-object-page parent hfe-creative-menu\"><a href=\"https:\/\/mcif.fr\/?page_id=115\" class = \"hfe-menu-item\">Formations<\/a><\/li>\n<li id=\"menu-item-195\" class=\"menu-item menu-item-type-post_type menu-item-object-page parent hfe-creative-menu\"><a href=\"https:\/\/mcif.fr\/?page_id=133\" class = \"hfe-menu-item\">Contactez-nous<\/a><\/li>\n<li id=\"menu-item-194\" class=\"menu-item menu-item-type-post_type menu-item-object-page parent hfe-creative-menu\"><a href=\"https:\/\/mcif.fr\/?page_id=139\" class = \"hfe-menu-item\">Supports<\/a><\/li>\n<\/ul> \n\t\t\t\t<\/nav>\n\t\t\t<\/div>\n\t\t\t\t\t\t\t<\/div>\n\t\t\t\t<\/div>\n\t\t\t\t\t<\/div>\n\t\t\t\t<\/div>\n\t\t<div class=\"elementor-element elementor-element-26e1830 e-flex e-con-boxed e-con e-parent\" data-id=\"26e1830\" data-element_type=\"container\" data-e-type=\"container\">\n\t\t\t\t\t<div class=\"e-con-inner\">\n\t\t\t\t<div class=\"elementor-element elementor-element-40b27bf elementor-widget elementor-widget-heading\" data-id=\"40b27bf\" data-element_type=\"widget\" data-e-type=\"widget\" data-widget_type=\"heading.default\">\n\t\t\t\t<div class=\"elementor-widget-container\">\n\t\t\t\t\t<h1 class=\"elementor-heading-title elementor-size-default\">EBP - Logiciels et solutions de gestion et de comptabilit\u00e9<\/h1>\t\t\t\t<\/div>\n\t\t\t\t<\/div>\n\t\t\t\t\t<\/div>\n\t\t\t\t<\/div>\n\t\t<div class=\"elementor-element elementor-element-a4a7b4e e-flex e-con-boxed e-con e-parent\" data-id=\"a4a7b4e\" data-element_type=\"container\" data-e-type=\"container\">\n\t\t\t\t\t<div class=\"e-con-inner\">\n\t\t<div class=\"elementor-element elementor-element-3e56535 e-con-full e-flex e-con e-child\" data-id=\"3e56535\" data-element_type=\"container\" data-e-type=\"container\">\n\t\t\t\t<div class=\"elementor-element elementor-element-009a788 elementor-widget elementor-widget-image\" data-id=\"009a788\" data-element_type=\"widget\" data-e-type=\"widget\" data-widget_type=\"image.default\">\n\t\t\t\t<div class=\"elementor-widget-container\">\n\t\t\t\t\t\t\t\t\t\t\t\t\t\t\t\t<a href=\"https:\/\/mcif.fr\/wp-content\/uploads\/2025\/03\/posts-RS-RVD-0225-V42.jpg\" data-elementor-open-lightbox=\"yes\" data-elementor-lightbox-title=\"posts-RS-RVD-0225-V42\" data-e-action-hash=\"#elementor-action%3Aaction%3Dlightbox%26settings%3DeyJpZCI6NDk2LCJ1cmwiOiJodHRwczpcL1wvbWNpZi5mclwvd3AtY29udGVudFwvdXBsb2Fkc1wvMjAyNVwvMDNcL3Bvc3RzLVJTLVJWRC0wMjI1LVY0Mi5qcGcifQ%3D%3D\">\n\t\t\t\t\t\t\t<img fetchpriority=\"high\" decoding=\"async\" width=\"240\" height=\"300\" src=\"https:\/\/mcif.fr\/wp-content\/uploads\/2025\/03\/posts-RS-RVD-0225-V42-240x300.jpg\" class=\"attachment-medium size-medium wp-image-496\" alt=\"\" srcset=\"https:\/\/mcif.fr\/wp-content\/uploads\/2025\/03\/posts-RS-RVD-0225-V42-240x300.jpg 240w, https:\/\/mcif.fr\/wp-content\/uploads\/2025\/03\/posts-RS-RVD-0225-V42-819x1024.jpg 819w, https:\/\/mcif.fr\/wp-content\/uploads\/2025\/03\/posts-RS-RVD-0225-V42-768x960.jpg 768w, https:\/\/mcif.fr\/wp-content\/uploads\/2025\/03\/posts-RS-RVD-0225-V42.jpg 1080w\" sizes=\"(max-width: 240px) 100vw, 240px\" \/>\t\t\t\t\t\t\t\t<\/a>\n\t\t\t\t\t\t\t\t\t\t\t\t\t\t\t<\/div>\n\t\t\t\t<\/div>\n\t\t\t\t<\/div>\n\t\t<div class=\"elementor-element elementor-element-7ea519c e-con-full e-flex e-con e-child\" data-id=\"7ea519c\" data-element_type=\"container\" data-e-type=\"container\">\n\t\t\t\t<div class=\"elementor-element elementor-element-75a9732 elementor-widget elementor-widget-text-editor\" data-id=\"75a9732\" data-element_type=\"widget\" data-e-type=\"widget\" data-widget_type=\"text-editor.default\">\n\t\t\t\t<div class=\"elementor-widget-container\">\n\t\t\t\t\t\t\t\t\t<p>V\u00e9ritable assistant de votre quotidien, appuyez vous sur un logiciel performant et personnalisable pour g\u00e9rer vos t\u00e2ches de gestion commerciale. Cha\u00eene des ventes, des achats et gestion de stocks, il vous aide \u00e0 piloter votre entreprise et facilite vos prises de d\u00e9cisions.<\/p><ul><li>Optimisez votre cha\u00eene de vente<\/li><li>G\u00e9rez vos achats et stocks<\/li><li>G\u00e9rez vos ressources<\/li><li>Pilotez votre activit\u00e9<\/li><li>Automatisez vos t\u00e2ches r\u00e9currentes<\/li><li>Emportez votre gestion partout avec vous.<\/li><\/ul><p>En savoir plus :\u00a0<a style=\"font-family: var( --e-global-typography-text-font-family ), Sans-serif; font-weight: var( --e-global-typography-text-font-weight ); text-align: var(--text-align); background-color: #ffffff; font-size: 1rem;\" href=\"https:\/\/www.ebp.com\/logiciel-facturation\" target=\"_blank\" rel=\"noopener\">Logiciel de facturation \u2022 Devis et Gestion commerciale \u2022 EBP<\/a><span style=\"font-family: var( --e-global-typography-text-font-family ), Sans-serif; font-weight: var( --e-global-typography-text-font-weight ); text-align: var(--text-align); font-size: 1rem;\">\u00a0<\/span><\/p>\t\t\t\t\t\t\t\t<\/div>\n\t\t\t\t<\/div>\n\t\t\t\t<\/div>\n\t\t\t\t\t<\/div>\n\t\t\t\t<\/div>\n\t\t<div class=\"elementor-element elementor-element-94b9268 e-flex e-con-boxed e-con e-parent\" data-id=\"94b9268\" data-element_type=\"container\" data-e-type=\"container\">\n\t\t\t\t\t<div class=\"e-con-inner\">\n\t\t<div class=\"elementor-element elementor-element-e77d2a0 e-con-full e-flex e-con e-child\" data-id=\"e77d2a0\" data-element_type=\"container\" data-e-type=\"container\">\n\t\t\t\t<div class=\"elementor-element elementor-element-5cbff40 elementor-widget elementor-widget-text-editor\" data-id=\"5cbff40\" data-element_type=\"widget\" data-e-type=\"widget\" data-widget_type=\"text-editor.default\">\n\t\t\t\t<div class=\"elementor-widget-container\">\n\t\t\t\t\t\t\t\t\t<p>La cl\u00e9 de la r\u00e9ussite pour une activit\u00e9 p\u00e9renne? Simplifier votre gestion financi\u00e8re pour gagner en productivit\u00e9! Notre logiciel de comptabilit\u00e9 vous permet de ma\u00eetriser votre tr\u00e9sorerie et de piloter efficacement votre entreprise.<\/p><ul><li>Associez vos documents d&rsquo;achat \u00e0 vos \u00e9critures<\/li><li>Gagnez en efficacit\u00e9<\/li><li>G\u00e9rez votre tr\u00e9sorerie<\/li><li>Effectuez\u00a0 vos relances depuis votre logiciel de comptabilit\u00e9<\/li><li>T\u00e9l\u00e9d\u00e9clarez votre TVA.<\/li><\/ul><p>En savoir plus :\u00a0<a style=\"font-family: var( --e-global-typography-text-font-family ), Sans-serif; font-weight: var( --e-global-typography-text-font-weight ); text-align: var(--text-align); background-color: #ffffff; font-size: 1rem;\" href=\"https:\/\/www.ebp.com\/logiciel-comptabilite\" target=\"_blank\" rel=\"noopener\">Logiciel de comptabilit\u00e9 \u2022Gestion comptable \u2022 EBP<\/a><\/p>\t\t\t\t\t\t\t\t<\/div>\n\t\t\t\t<\/div>\n\t\t\t\t<\/div>\n\t\t<div class=\"elementor-element elementor-element-283cacb e-con-full e-flex e-con e-child\" data-id=\"283cacb\" data-element_type=\"container\" data-e-type=\"container\">\n\t\t\t\t<div class=\"elementor-element elementor-element-7cc0f6d elementor-widget elementor-widget-image\" data-id=\"7cc0f6d\" data-element_type=\"widget\" data-e-type=\"widget\" data-widget_type=\"image.default\">\n\t\t\t\t<div class=\"elementor-widget-container\">\n\t\t\t\t\t\t\t\t\t\t\t\t\t\t\t\t<a href=\"https:\/\/mcif.fr\/wp-content\/uploads\/2025\/03\/posts-RS-RVD-0225-V4.jpg\" data-elementor-open-lightbox=\"yes\" data-elementor-lightbox-title=\"posts-RS-RVD-0225-V4\" data-e-action-hash=\"#elementor-action%3Aaction%3Dlightbox%26settings%3DeyJpZCI6NDk1LCJ1cmwiOiJodHRwczpcL1wvbWNpZi5mclwvd3AtY29udGVudFwvdXBsb2Fkc1wvMjAyNVwvMDNcL3Bvc3RzLVJTLVJWRC0wMjI1LVY0LmpwZyJ9\">\n\t\t\t\t\t\t\t<img decoding=\"async\" width=\"240\" height=\"300\" src=\"https:\/\/mcif.fr\/wp-content\/uploads\/2025\/03\/posts-RS-RVD-0225-V4-240x300.jpg\" class=\"attachment-medium size-medium wp-image-495\" alt=\"\" srcset=\"https:\/\/mcif.fr\/wp-content\/uploads\/2025\/03\/posts-RS-RVD-0225-V4-240x300.jpg 240w, https:\/\/mcif.fr\/wp-content\/uploads\/2025\/03\/posts-RS-RVD-0225-V4-819x1024.jpg 819w, https:\/\/mcif.fr\/wp-content\/uploads\/2025\/03\/posts-RS-RVD-0225-V4-768x960.jpg 768w, https:\/\/mcif.fr\/wp-content\/uploads\/2025\/03\/posts-RS-RVD-0225-V4.jpg 1080w\" sizes=\"(max-width: 240px) 100vw, 240px\" \/>\t\t\t\t\t\t\t\t<\/a>\n\t\t\t\t\t\t\t\t\t\t\t\t\t\t\t<\/div>\n\t\t\t\t<\/div>\n\t\t\t\t<\/div>\n\t\t\t\t\t<\/div>\n\t\t\t\t<\/div>\n\t\t<div class=\"elementor-element elementor-element-b4cce1e e-grid e-con-boxed e-con e-parent\" data-id=\"b4cce1e\" data-element_type=\"container\" data-e-type=\"container\">\n\t\t\t\t\t<div class=\"e-con-inner\">\n\t\t\t\t<div class=\"elementor-element elementor-element-2524b4b elementor-widget elementor-widget-image\" data-id=\"2524b4b\" data-element_type=\"widget\" data-e-type=\"widget\" data-widget_type=\"image.default\">\n\t\t\t\t<div class=\"elementor-widget-container\">\n\t\t\t\t\t\t\t\t\t\t\t\t\t\t\t\t<a href=\"https:\/\/www.ebp.com\/logiciel-devis-facture-batiment\" target=\"_blank\">\n\t\t\t\t\t\t\t<img decoding=\"async\" width=\"800\" height=\"1000\" src=\"https:\/\/mcif.fr\/wp-content\/uploads\/2025\/03\/posts-RS-RVD-0225-V44-819x1024.jpg\" class=\"attachment-large size-large wp-image-497\" alt=\"\" srcset=\"https:\/\/mcif.fr\/wp-content\/uploads\/2025\/03\/posts-RS-RVD-0225-V44-819x1024.jpg 819w, https:\/\/mcif.fr\/wp-content\/uploads\/2025\/03\/posts-RS-RVD-0225-V44-240x300.jpg 240w, https:\/\/mcif.fr\/wp-content\/uploads\/2025\/03\/posts-RS-RVD-0225-V44-768x960.jpg 768w, https:\/\/mcif.fr\/wp-content\/uploads\/2025\/03\/posts-RS-RVD-0225-V44.jpg 1080w\" sizes=\"(max-width: 800px) 100vw, 800px\" \/>\t\t\t\t\t\t\t\t<\/a>\n\t\t\t\t\t\t\t\t\t\t\t\t\t\t\t<\/div>\n\t\t\t\t<\/div>\n\t\t\t\t<div class=\"elementor-element elementor-element-c499109 elementor-widget elementor-widget-image\" data-id=\"c499109\" data-element_type=\"widget\" data-e-type=\"widget\" data-widget_type=\"image.default\">\n\t\t\t\t<div class=\"elementor-widget-container\">\n\t\t\t\t\t\t\t\t\t\t\t\t\t\t\t<img loading=\"lazy\" decoding=\"async\" width=\"800\" height=\"1000\" src=\"https:\/\/mcif.fr\/wp-content\/uploads\/2025\/03\/posts-RS-RVD-0225-V46-819x1024.jpg\" class=\"attachment-large size-large wp-image-499\" alt=\"\" srcset=\"https:\/\/mcif.fr\/wp-content\/uploads\/2025\/03\/posts-RS-RVD-0225-V46-819x1024.jpg 819w, https:\/\/mcif.fr\/wp-content\/uploads\/2025\/03\/posts-RS-RVD-0225-V46-240x300.jpg 240w, https:\/\/mcif.fr\/wp-content\/uploads\/2025\/03\/posts-RS-RVD-0225-V46-768x960.jpg 768w, https:\/\/mcif.fr\/wp-content\/uploads\/2025\/03\/posts-RS-RVD-0225-V46.jpg 1080w\" sizes=\"(max-width: 800px) 100vw, 800px\" \/>\t\t\t\t\t\t\t\t\t\t\t\t\t\t\t<\/div>\n\t\t\t\t<\/div>\n\t\t\t\t<div class=\"elementor-element elementor-element-8083f56 elementor-widget elementor-widget-image\" data-id=\"8083f56\" data-element_type=\"widget\" data-e-type=\"widget\" data-widget_type=\"image.default\">\n\t\t\t\t<div class=\"elementor-widget-container\">\n\t\t\t\t\t\t\t\t\t\t\t\t\t\t\t<img loading=\"lazy\" decoding=\"async\" width=\"800\" height=\"1000\" src=\"https:\/\/mcif.fr\/wp-content\/uploads\/2025\/03\/posts-RS-RVD-0225-V47-819x1024.jpg\" class=\"attachment-large size-large wp-image-500\" alt=\"\" srcset=\"https:\/\/mcif.fr\/wp-content\/uploads\/2025\/03\/posts-RS-RVD-0225-V47-819x1024.jpg 819w, https:\/\/mcif.fr\/wp-content\/uploads\/2025\/03\/posts-RS-RVD-0225-V47-240x300.jpg 240w, https:\/\/mcif.fr\/wp-content\/uploads\/2025\/03\/posts-RS-RVD-0225-V47-768x960.jpg 768w, https:\/\/mcif.fr\/wp-content\/uploads\/2025\/03\/posts-RS-RVD-0225-V47.jpg 1080w\" sizes=\"(max-width: 800px) 100vw, 800px\" \/>\t\t\t\t\t\t\t\t\t\t\t\t\t\t\t<\/div>\n\t\t\t\t<\/div>\n\t\t\t\t\t<\/div>\n\t\t\t\t<\/div>\n\t\t<div class=\"elementor-element elementor-element-aa187ff e-flex e-con-boxed e-con e-parent\" data-id=\"aa187ff\" data-element_type=\"container\" data-e-type=\"container\">\n\t\t\t\t\t<div class=\"e-con-inner\">\n\t\t\t\t<div class=\"elementor-element elementor-element-9f481ad elementor-widget elementor-widget-text-editor\" data-id=\"9f481ad\" data-element_type=\"widget\" data-e-type=\"widget\" data-widget_type=\"text-editor.default\">\n\t\t\t\t<div class=\"elementor-widget-container\">\n\t\t\t\t\t\t\t\t\t<p>\u00a9 2024 All Rights Reserved. \u00a0<a href=\"https:\/\/mcif.fr\/?page_id=3\">Politique de confidentialit\u00e9<\/a>\u00a0\u2022\u00a0<a href=\"https:\/\/mcif.fr\/?page_id=301\">Mentions l\u00e9gales<\/a>\u00a0\u2022\u00a0<a href=\"https:\/\/mcif.fr\/?page_id=307\">Conditions g\u00e9n\u00e9rales de vente<\/a><\/p>\t\t\t\t\t\t\t\t<\/div>\n\t\t\t\t<\/div>\n\t\t\t\t\t<\/div>\n\t\t\t\t<\/div>\n\t\t\t\t<\/div>\n\t\t","protected":false},"excerpt":{"rendered":"<p>Menu Accueil Konvergo EBP Cybers\u00e9curit\u00e9 Maintenances Conseils Installations Formations Contactez-nous Supports EBP &#8211; Logiciels et solutions de gestion et de comptabilit\u00e9 V\u00e9ritable assistant de votre quotidien, appuyez vous sur un logiciel performant et personnalisable pour g\u00e9rer vos t\u00e2ches de gestion commerciale. Cha\u00eene des ventes, des achats et gestion de stocks, il vous aide \u00e0 piloter [&hellip;]<\/p>\n","protected":false},"author":2,"featured_media":0,"parent":0,"menu_order":0,"comment_status":"closed","ping_status":"closed","template":"","meta":{"footnotes":""},"class_list":["post-76","page","type-page","status-publish","hentry"],"aioseo_notices":[],"_links":{"self":[{"href":"https:\/\/mcif.fr\/index.php?rest_route=\/wp\/v2\/pages\/76","targetHints":{"allow":["GET"]}}],"collection":[{"href":"https:\/\/mcif.fr\/index.php?rest_route=\/wp\/v2\/pages"}],"about":[{"href":"https:\/\/mcif.fr\/index.php?rest_route=\/wp\/v2\/types\/page"}],"author":[{"embeddable":true,"href":"https:\/\/mcif.fr\/index.php?rest_route=\/wp\/v2\/users\/2"}],"replies":[{"embeddable":true,"href":"https:\/\/mcif.fr\/index.php?rest_route=%2Fwp%2Fv2%2Fcomments&post=76"}],"version-history":[{"count":40,"href":"https:\/\/mcif.fr\/index.php?rest_route=\/wp\/v2\/pages\/76\/revisions"}],"predecessor-version":[{"id":596,"href":"https:\/\/mcif.fr\/index.php?rest_route=\/wp\/v2\/pages\/76\/revisions\/596"}],"wp:attachment":[{"href":"https:\/\/mcif.fr\/index.php?rest_route=%2Fwp%2Fv2%2Fmedia&parent=76"}],"curies":[{"name":"wp","href":"https:\/\/api.w.org\/{rel}","templated":true}]}}